{"id":17,"date":"2023-12-09T03:20:33","date_gmt":"2023-12-09T02:20:33","guid":{"rendered":"https:\/\/ucper.com\/?page_id=17"},"modified":"2024-12-04T14:23:10","modified_gmt":"2024-12-04T20:23:10","slug":"nosotros","status":"publish","type":"page","link":"https:\/\/ucper.com\/index.php\/nosotros\/","title":{"rendered":"\u00bfQuienes somos?"},"content":{"rendered":"<p>[et_pb_section fb_built=\u00bb1&#8243; _builder_version=\u00bb4.23.1&#8243; _module_preset=\u00bbdefault\u00bb da_disable_devices=\u00bboff|off|off\u00bb global_colors_info=\u00bb{}\u00bb da_is_popup=\u00bboff\u00bb da_exit_intent=\u00bboff\u00bb da_has_close=\u00bbon\u00bb da_alt_close=\u00bboff\u00bb da_dark_close=\u00bboff\u00bb da_not_modal=\u00bbon\u00bb da_is_singular=\u00bboff\u00bb da_with_loader=\u00bboff\u00bb da_has_shadow=\u00bbon\u00bb][et_pb_row column_structure=\u00bb1_2,1_2&#8243; use_custom_gutter=\u00bbon\u00bb _builder_version=\u00bb4.23.1&#8243; _module_preset=\u00bbdefault\u00bb width=\u00bb90%\u00bb max_width=\u00bb90%\u00bb custom_margin=\u00bb158px|auto||auto|false|false\u00bb global_colors_info=\u00bb{}\u00bb][et_pb_column type=\u00bb1_2&#8243; _builder_version=\u00bb4.23.1&#8243; _module_preset=\u00bbdefault\u00bb global_colors_info=\u00bb{}\u00bb][et_pb_text _builder_version=\u00bb4.23.1&#8243; _module_preset=\u00bbdefault\u00bb header_font=\u00bb|800|||||||\u00bb header_text_align=\u00bbcenter\u00bb header_font_size=\u00bb52px\u00bb global_colors_info=\u00bb{}\u00bb]<\/p>\n<h1>Cirujano Pl\u00e1stico en Campeche: \u00bfQui\u00e9nes somos?<\/h1>\n<p>[\/et_pb_text][et_pb_text _builder_version=\u00bb4.23.1&#8243; _module_preset=\u00bbdefault\u00bb text_font_size=\u00bb27px\u00bb text_line_height=\u00bb1.8em\u00bb global_colors_info=\u00bb{}\u00bb]<\/p>\n<p><span>Dr. Jos\u00e9 D. Manrique Cruz, Cirujano Pl\u00e1stico, Est\u00e9tico y Reconstructivo Certificado \u2705, con m\u00e1s de 25 a\u00f1os de Experiencia cambiando vidas.<\/span><\/p>\n<p><span>CERTIFICACIONES:<\/span><br \/><span>\ud83d\udd39AMCPER &#8211; Asociaci\u00f3n Mexicana de Cirug\u00eda Pl\u00e1stica<\/span><br \/><span>\ud83d\udd39CMCPER &#8211; Consejo Mexicano de Cirug\u00eda Pl\u00e1stica<\/span><br \/><span>\ud83d\udd39FILACP &#8211; Federaci\u00f3n Ibero Latinoamericana de Cirug\u00eda Pl\u00e1stica<\/span><br \/><span>\ud83d\udd39ASPS &#8211; American Society Of Plastic Surgeons<\/span><br \/><span>\ud83d\udd39IPRAS &#8211; International Confederation for Plastic Reconstructive and Aeshetic Surgery<\/span><\/p>\n<p>[\/et_pb_text][\/et_pb_column][et_pb_column type=\u00bb1_2&#8243; _builder_version=\u00bb4.23.1&#8243; _module_preset=\u00bbdefault\u00bb custom_css_main_element=\u00bbdisplay: flex;||justify-content: center;\u00bb global_colors_info=\u00bb{}\u00bb][et_pb_image src=\u00bbhttps:\/\/ucper.com\/wp-content\/uploads\/2023\/12\/Copia-de-Tamano-de-fotografia-insta-2.png\u00bb title_text=\u00bbCopia de Taman\u0303o de fotografi\u0301a insta (2)\u00bb align=\u00bbcenter\u00bb _builder_version=\u00bb4.23.1&#8243; _module_preset=\u00bbdefault\u00bb width=\u00bb100%\u00bb max_height=\u00bb769px\u00bb custom_margin=\u00bb||||false|false\u00bb global_colors_info=\u00bb{}\u00bb][\/et_pb_image][\/et_pb_column][\/et_pb_row][et_pb_row column_structure=\u00bb3_4,1_4&#8243; disabled_on=\u00bbon|off|off\u00bb admin_label=\u00bbcontacto bookme\u00bb _builder_version=\u00bb4.23.1&#8243; _module_preset=\u00bbdefault\u00bb background_color=\u00bb#507095&#8243; width=\u00bb98%\u00bb max_width=\u00bb98%\u00bb custom_padding=\u00bb55px||55px|||\u00bb custom_css_main_element=\u00bbdisplay: flex;||align-items: center;\u00bb border_radii=\u00bbon|25px|25px|25px|25px\u00bb locked=\u00bboff\u00bb global_colors_info=\u00bb{}\u00bb custom_css_main_element_last_edited=\u00bbon|phone\u00bb custom_css_main_element_tablet=\u00bbdisplay: flex;||align-items: center;\u00bb custom_css_main_element_phone=\u00bbdisplay: flex;||align-items: center;\u00bb][et_pb_column type=\u00bb3_4&#8243; _builder_version=\u00bb4.23.1&#8243; _module_preset=\u00bbdefault\u00bb global_colors_info=\u00bb{}\u00bb][et_pb_text _builder_version=\u00bb4.23.1&#8243; _module_preset=\u00bbdefault\u00bb text_text_color=\u00bb#FFFFFF\u00bb header_font=\u00bb|700|||||||\u00bb header_text_color=\u00bb#FFFFFF\u00bb header_line_height=\u00bb1.2em\u00bb header_3_text_color=\u00bb#FFFFFF\u00bb header_3_font_size=\u00bb18px\u00bb custom_margin=\u00bb|25px||25px|false|false\u00bb global_colors_info=\u00bb{}\u00bb]<\/p>\n<div class=\"elementor-element elementor-element-10c4709 elementor-widget elementor-widget-heading\" data-id=\"10c4709\" data-element_type=\"widget\" data-widget_type=\"heading.default\">\n<div class=\"elementor-widget-container\">\n<h1 class=\"elementor-heading-title elementor-size-default\" style=\"text-align: center;\">Agendar cita con el Dr. Jos\u00e9 D. Manrique Cruz<\/h1>\n<\/div>\n<\/div>\n<p>[\/et_pb_text][et_pb_text _builder_version=\u00bb4.23.1&#8243; _module_preset=\u00bbdefault\u00bb text_font=\u00bbMontserrat||||||||\u00bb text_orientation=\u00bbcenter\u00bb background_layout=\u00bbdark\u00bb width=\u00bb80%\u00bb max_width=\u00bb80%\u00bb module_alignment=\u00bbcenter\u00bb global_colors_info=\u00bb{}\u00bb]<\/p>\n<h3 style=\"text-align: center;\">Te atender\u00e1 personalmente el Doctor y te dar\u00e1 las claves que te ayudar\u00e1n en tu decisi\u00f3n.<\/h3>\n<p>[\/et_pb_text][\/et_pb_column][et_pb_column type=\u00bb1_4&#8243; _builder_version=\u00bb4.23.1&#8243; _module_preset=\u00bbdefault\u00bb global_colors_info=\u00bb{}\u00bb][et_pb_button button_url=\u00bbhttps:\/\/ucper.simplybook.it\/v2\/\u00bb button_text=\u00bbReservar cita\u00bb _builder_version=\u00bb4.23.1&#8243; _module_preset=\u00bbdefault\u00bb custom_button=\u00bbon\u00bb button_text_color=\u00bb#FFFFFF\u00bb button_bg_color=\u00bb#E09900&#8243; button_border_color=\u00bbRGBA(255,255,255,0)\u00bb button_border_radius=\u00bb13px\u00bb button_font=\u00bb|600|||||||\u00bb global_colors_info=\u00bb{}\u00bb][\/et_pb_button][\/et_pb_column][\/et_pb_row][et_pb_row disabled_on=\u00bboff|on|on\u00bb _builder_version=\u00bb4.23.1&#8243; _module_preset=\u00bbdefault\u00bb background_color=\u00bb#507095&#8243; width=\u00bb98%\u00bb max_width=\u00bb98%\u00bb custom_padding=\u00bb55px||55px|||\u00bb custom_css_main_element=\u00bbdisplay: flex;||align-items: center;\u00bb border_radii=\u00bbon|25px|25px|25px|25px\u00bb locked=\u00bboff\u00bb global_colors_info=\u00bb{}\u00bb custom_css_main_element_last_edited=\u00bbon|phone\u00bb custom_css_main_element_tablet=\u00bbdisplay: flex;||align-items: center;\u00bb custom_css_main_element_phone=\u00bbdisplay: flex;||align-items: center;\u00bb][et_pb_column type=\u00bb4_4&#8243; _builder_version=\u00bb4.23.1&#8243; _module_preset=\u00bbdefault\u00bb global_colors_info=\u00bb{}\u00bb][et_pb_text _builder_version=\u00bb4.23.1&#8243; _module_preset=\u00bbdefault\u00bb text_text_color=\u00bb#FFFFFF\u00bb header_font=\u00bbMontserrat|700|||||||\u00bb header_text_color=\u00bb#FFFFFF\u00bb header_font_size=\u00bb22px\u00bb header_line_height=\u00bb1.2em\u00bb header_3_font=\u00bbMontserrat||||||||\u00bb header_3_text_color=\u00bb#FFFFFF\u00bb header_3_font_size=\u00bb18px\u00bb custom_margin=\u00bb|25px||25px|false|false\u00bb global_colors_info=\u00bb{}\u00bb]<\/p>\n<div class=\"elementor-element elementor-element-10c4709 elementor-widget elementor-widget-heading\" data-id=\"10c4709\" data-element_type=\"widget\" data-widget_type=\"heading.default\">\n<div class=\"elementor-widget-container\">\n<h1 class=\"elementor-heading-title elementor-size-default\" style=\"text-align: center;\">Agendar cita con el Dr. Jos\u00e9 D. Manrique Cruz<\/h1>\n<\/div>\n<\/div>\n<p>[\/et_pb_text][et_pb_text _builder_version=\u00bb4.23.1&#8243; _module_preset=\u00bbdefault\u00bb text_font=\u00bbMontserrat||||||||\u00bb header_font=\u00bbMontserrat||||||||\u00bb header_3_font=\u00bbMontserrat||||||||\u00bb header_3_font_size=\u00bb18px\u00bb header_3_line_height=\u00bb1.3em\u00bb text_orientation=\u00bbcenter\u00bb background_layout=\u00bbdark\u00bb width=\u00bb80%\u00bb max_width=\u00bb80%\u00bb module_alignment=\u00bbcenter\u00bb header_font_size_tablet=\u00bb\u00bb header_font_size_phone=\u00bb\u00bb header_font_size_last_edited=\u00bbon|phone\u00bb global_colors_info=\u00bb{}\u00bb]<\/p>\n<h3 style=\"text-align: center;\">Te atender\u00e1 personalmente el Doctor y te dar\u00e1 las claves que te ayudar\u00e1n en tu decisi\u00f3n.<\/h3>\n<p>[\/et_pb_text][et_pb_button button_url=\u00bbhttps:\/\/ucper.simplybook.it\/v2\/\u00bb button_text=\u00bbReservar cita\u00bb button_alignment=\u00bbcenter\u00bb _builder_version=\u00bb4.23.1&#8243; _module_preset=\u00bbdefault\u00bb custom_button=\u00bbon\u00bb button_text_color=\u00bb#FFFFFF\u00bb button_bg_color=\u00bb#E09900&#8243; button_border_color=\u00bbRGBA(255,255,255,0)\u00bb button_border_radius=\u00bb13px\u00bb button_font=\u00bbMontserrat|600|||||||\u00bb global_colors_info=\u00bb{}\u00bb][\/et_pb_button][\/et_pb_column][\/et_pb_row][\/et_pb_section]<\/p>\n","protected":false},"excerpt":{"rendered":"<p>Cirujano Pl\u00e1stico en Campeche: \u00bfQui\u00e9nes somos?Dr. Jos\u00e9 D. Manrique Cruz, Cirujano Pl\u00e1stico, Est\u00e9tico y Reconstructivo Certificado \u2705, con m\u00e1s de 25 a\u00f1os de Experiencia cambiando vidas. CERTIFICACIONES:\ud83d\udd39AMCPER &#8211; Asociaci\u00f3n Mexicana de Cirug\u00eda Pl\u00e1stica\ud83d\udd39CMCPER &#8211; Consejo Mexicano de Cirug\u00eda Pl\u00e1stica\ud83d\udd39FILACP &#8211; Federaci\u00f3n Ibero Latinoamericana de Cirug\u00eda Pl\u00e1stica\ud83d\udd39ASPS &#8211; American Society Of Plastic Surgeons\ud83d\udd39IPRAS &#8211; International Confederation [&hellip;]<\/p>\n","protected":false},"author":1,"featured_media":0,"parent":0,"menu_order":0,"comment_status":"closed","ping_status":"closed","template":"","meta":{"_et_pb_use_builder":"on","_et_pb_old_content":"","_et_gb_content_width":"","footnotes":""},"class_list":["post-17","page","type-page","status-publish","hentry"],"_links":{"self":[{"href":"https:\/\/ucper.com\/index.php\/wp-json\/wp\/v2\/pages\/17","targetHints":{"allow":["GET"]}}],"collection":[{"href":"https:\/\/ucper.com\/index.php\/wp-json\/wp\/v2\/pages"}],"about":[{"href":"https:\/\/ucper.com\/index.php\/wp-json\/wp\/v2\/types\/page"}],"author":[{"embeddable":true,"href":"https:\/\/ucper.com\/index.php\/wp-json\/wp\/v2\/users\/1"}],"replies":[{"embeddable":true,"href":"https:\/\/ucper.com\/index.php\/wp-json\/wp\/v2\/comments?post=17"}],"version-history":[{"count":17,"href":"https:\/\/ucper.com\/index.php\/wp-json\/wp\/v2\/pages\/17\/revisions"}],"predecessor-version":[{"id":1094,"href":"https:\/\/ucper.com\/index.php\/wp-json\/wp\/v2\/pages\/17\/revisions\/1094"}],"wp:attachment":[{"href":"https:\/\/ucper.com\/index.php\/wp-json\/wp\/v2\/media?parent=17"}],"curies":[{"name":"wp","href":"https:\/\/api.w.org\/{rel}","templated":true}]}}