{"id":252,"date":"2023-12-19T03:44:09","date_gmt":"2023-12-19T02:44:09","guid":{"rendered":"https:\/\/ucper.com\/?page_id=252"},"modified":"2023-12-20T04:13:33","modified_gmt":"2023-12-20T03:13:33","slug":"252-2","status":"publish","type":"page","link":"https:\/\/ucper.com\/index.php\/cirugiamamaria\/252-2\/","title":{"rendered":"Aumento Mamario"},"content":{"rendered":"<p>[et_pb_section fb_built=\u00bb1&#8243; _builder_version=\u00bb4.23.1&#8243; _module_preset=\u00bbdefault\u00bb background_color=\u00bb#ffffff\u00bb custom_padding=\u00bb0px||||false|false\u00bb global_colors_info=\u00bb{}\u00bb][et_pb_row _builder_version=\u00bb4.23.1&#8243; _module_preset=\u00bbdefault\u00bb background_color=\u00bb#0a0a0a\u00bb width=\u00bb100%\u00bb max_width=\u00bb100%\u00bb module_alignment=\u00bbcenter\u00bb custom_margin=\u00bb0px|auto||auto|false|false\u00bb custom_padding=\u00bb20px||20px||false|false\u00bb global_colors_info=\u00bb{}\u00bb][et_pb_column type=\u00bb4_4&#8243; _builder_version=\u00bb4.23.1&#8243; _module_preset=\u00bbdefault\u00bb global_colors_info=\u00bb{}\u00bb][et_pb_text _builder_version=\u00bb4.23.1&#8243; _module_preset=\u00bbdefault\u00bb header_text_color=\u00bb#FFFFFF\u00bb global_colors_info=\u00bb{}\u00bb]<\/p>\n<h1 style=\"text-align: center;\">Reconstrucci\u00f3n Mamaria<\/h1>\n<p>[\/et_pb_text][\/et_pb_column][\/et_pb_row][et_pb_row column_structure=\u00bb1_2,1_2&#8243; _builder_version=\u00bb4.23.1&#8243; _module_preset=\u00bbdefault\u00bb max_width=\u00bb80%\u00bb hover_enabled=\u00bb0&#8243; global_colors_info=\u00bb{}\u00bb sticky_enabled=\u00bb0&#8243;][et_pb_column type=\u00bb1_2&#8243; _builder_version=\u00bb4.23.1&#8243; _module_preset=\u00bbdefault\u00bb global_colors_info=\u00bb{}\u00bb][et_pb_text _builder_version=\u00bb4.23.1&#8243; _module_preset=\u00bbdefault\u00bb width=\u00bb100%\u00bb module_alignment=\u00bbcenter\u00bb custom_margin=\u00bb28px||35px|||\u00bb global_colors_info=\u00bb{}\u00bb]<\/p>\n<div class=\"vc_row wpb_row vc_row-fluid\">\n<div class=\"wpb_column vc_column_container vc_col-sm-12\">\n<div class=\"vc_column-inner\">\n<div class=\"wpb_wrapper\">\n<div class=\"wpb_text_column wpb_content_element \">\n<div class=\"wpb_wrapper\">\n<h2><strong>Puntos clave de la reconstrucci\u00f3n mamaria<\/strong><\/h2>\n<\/div>\n<\/div>\n<\/div>\n<\/div>\n<\/div>\n<\/div>\n<div class=\"vc_row wpb_row vc_row-fluid\">\n<div class=\"wpb_column vc_column_container vc_col-sm-8\">\n<div class=\"vc_column-inner\">\n<div class=\"wpb_wrapper\">\n<div class=\"wpb_text_column wpb_content_element \">\n<div class=\"wpb_wrapper\"><\/div>\n<\/div>\n<\/div>\n<\/div>\n<\/div>\n<\/div>\n<p>[\/et_pb_text][et_pb_text _builder_version=\u00bb4.23.1&#8243; _module_preset=\u00bbdefault\u00bb global_colors_info=\u00bb{}\u00bb]<\/p>\n<div class=\"wpb_text_column wpb_content_element \">\n<div class=\"wpb_wrapper\">\n<h4>Tipos de reconstrucci\u00f3n mamaria:<\/h4>\n<p>&nbsp;<\/p>\n<ul>\n<li><strong><em>a) Heter\u00f3logo\/ expansor-protesis:<\/em><\/strong>\n<ol>\n<li>Implante directo.<\/li>\n<li>Expansor-Implante.<\/li>\n<li>Implantes expandibles tipo Becker.<\/li>\n<li>Implantes con malla d\u00e9rmica.<\/li>\n<li>Implantes con colgajo dorsal ancho.<\/li>\n<\/ol>\n<\/li>\n<\/ul>\n<ul>\n<li><strong><em>b) Aut\u00f3loga \/ tejido propio<\/em><\/strong>\n<ol>\n<li>Colgajos libres microquir\u00fargicos (DIEP\/MS,SIEA, Gracillis, Gluteo).<\/li>\n<li>Colgajos pediculados tipo TRAM.<\/li>\n<li>Injertos de grasa y factores de crecimiento.<\/li>\n<\/ol>\n<\/li>\n<\/ul>\n<\/div>\n<\/div>\n<div class=\"wpb_text_column wpb_content_element \">\n<div class=\"wpb_wrapper\">\n<h4>Caracteristicas:<\/h4>\n<p>&nbsp;<\/p>\n<ul>\n<li><strong><em>a) Reconstrucci\u00f3n con pr\u00f3tesis (Heter\u00f3loga):<\/em><\/strong>\n<ul>\n<li>Varias intervenciones hasta conseguir resultado.<\/li>\n<li>Sencillez t\u00e9cnica.<\/li>\n<li>Contraindicados en radioterapia y tejidos muy finos en la mastectom\u00eda.<\/li>\n<li>Asimetr\u00eda y falta de naturalidad de entrada con la mama sana que empeora con el paso del tiempo.<\/li>\n<li>No definitiva (requerir\u00e1 de intervenciones a lo largo de la vida de paciente).<\/li>\n<\/ul>\n<\/li>\n<li><strong><em>b) Reconstrucci\u00f3n tejido propio (Aut\u00f3loga):<\/em><\/strong>\n<ul>\n<li>Altos requerimientos t\u00e9cnicos y de soporte Hospitalario.<\/li>\n<li>Una o dos intervenciones para conseguir resultado.<\/li>\n<li>Resultado sim\u00e9trico, natural y definitivo.<\/li>\n<li>Evoluci\u00f3n natural y sim\u00e9trica con la mama sana con el transcurso de los a\u00f1os.<\/li>\n<li>Deja cicatrices en las zonas donde se obtienen los tejidos para la reconstrucci\u00f3n, aunque estas quedaran en zonas no visibles.<\/li>\n<li>Precisa de tejido en las zonas donantes que adem\u00e1s permitir\u00e1n una remodelaci\u00f3n est\u00e9tica de la zona de donde se obtienen los tejidos (abdominoplastia, lifting de ingles, lifting de gl\u00fateos).<\/li>\n<li>No contraindicaciones con otros tratamientos de la mama como la Radioterapia.<\/li>\n<\/ul>\n<\/li>\n<\/ul>\n<\/div>\n<\/div>\n<p>[\/et_pb_text][\/et_pb_column][et_pb_column type=\u00bb1_2&#8243; _builder_version=\u00bb4.23.1&#8243; _module_preset=\u00bbdefault\u00bb global_colors_info=\u00bb{}\u00bb][et_pb_divider show_divider=\u00bboff\u00bb _builder_version=\u00bb4.23.1&#8243; _module_preset=\u00bbdefault\u00bb global_colors_info=\u00bb{}\u00bb][\/et_pb_divider][et_pb_image src=\u00bbhttps:\/\/ucper.com\/wp-content\/uploads\/2023\/12\/mamoplastiaaumento-1-250&#215;250-1.jpg\u00bb _builder_version=\u00bb4.23.1&#8243; _module_preset=\u00bbdefault\u00bb hover_enabled=\u00bb0&#8243; global_colors_info=\u00bb{}\u00bb sticky_enabled=\u00bb0&#8243; align=\u00bbcenter\u00bb][\/et_pb_image][et_pb_text _builder_version=\u00bb4.23.1&#8243; _module_preset=\u00bbdefault\u00bb custom_margin=\u00bb||23px|||\u00bb global_colors_info=\u00bb{}\u00bb]<\/p>\n<h4><strong>Tiempos:<\/strong><\/h4>\n<p>[\/et_pb_text][et_pb_text _builder_version=\u00bb4.23.1&#8243; _module_preset=\u00bbdefault\u00bb custom_margin=\u00bb-8px||23px|||\u00bb global_colors_info=\u00bb{}\u00bb]<\/p>\n<ul>\n<li><strong><em>a) Heter\u00f3loga \/ expansor-pr\u00f3tesis:<\/em><\/strong>\n<ul>\n<li>2 Intervenciones con anestesia general espaciadas un m\u00ednimo de 4-6 meses.<\/li>\n<li>1 d\u00eda de estancia en cl\u00ednica.<\/li>\n<li>Duraci\u00f3n intervenci\u00f3n 2 a 3 horas.<\/li>\n<li>Quitamos puntos en 14-21 d\u00edas.<\/li>\n<li>Sujetador deportivo sin aros todo el d\u00eda durante un mes.<\/li>\n<li>Vuelta al trabajo en:<br \/>5-7 d\u00edas si no realiza actividades f\u00edsicas.<br \/>15-21 d\u00edas si su trabajo requiere esfuerzos f\u00edsicos.<\/li>\n<li>Retorno al ejercicio y vida normal en 4-5 semanas.<\/li>\n<li>No masajear el pecho en 3 meses.<\/li>\n<\/ul>\n<\/li>\n<li><strong><em>b) Aut\u00f3loga tipo DIEP:<\/em><\/strong>\n<ul>\n<li>Intervenci\u00f3n con anestesia general.<\/li>\n<li>5 d\u00eda de estancia en cl\u00ednica.<\/li>\n<li>Duraci\u00f3n intervenci\u00f3n 6 a 8 horas.<\/li>\n<li>Quitamos puntos en 14-21 d\u00edas.<\/li>\n<li>Prenda compresiva (Faja Abdominal) durante un mes.<\/li>\n<li>Vuelta al trabajo en:<br \/>14 d\u00edas si no realiza actividades f\u00edsicas.<br \/>30 d\u00edas si su trabajo requiere esfuerzos f\u00edsicos.<\/li>\n<li>Retorno al ejercicio y vida normal en 3 meses.<\/li>\n<li>Puede requerir una segunda intervenci\u00f3n (retoque) pasados 6-9 meses.<\/li>\n<\/ul>\n<\/li>\n<\/ul>\n<p>[\/et_pb_text][\/et_pb_column][\/et_pb_row][\/et_pb_section]<\/p>\n","protected":false},"excerpt":{"rendered":"<p>Reconstrucci\u00f3n Mamaria Puntos clave de la reconstrucci\u00f3n mamaria Tipos de reconstrucci\u00f3n mamaria: &nbsp; a) Heter\u00f3logo\/ expansor-protesis: Implante directo. Expansor-Implante. Implantes expandibles tipo Becker. Implantes con malla d\u00e9rmica. Implantes con colgajo dorsal ancho. b) Aut\u00f3loga \/ tejido propio Colgajos libres microquir\u00fargicos (DIEP\/MS,SIEA, Gracillis, Gluteo). Colgajos pediculados tipo TRAM. Injertos de grasa y factores de crecimiento. Caracteristicas: [&hellip;]<\/p>\n","protected":false},"author":1,"featured_media":0,"parent":259,"menu_order":0,"comment_status":"closed","ping_status":"closed","template":"","meta":{"_et_pb_use_builder":"on","_et_pb_old_content":"","_et_gb_content_width":"","footnotes":""},"class_list":["post-252","page","type-page","status-publish","hentry"],"_links":{"self":[{"href":"https:\/\/ucper.com\/index.php\/wp-json\/wp\/v2\/pages\/252","targetHints":{"allow":["GET"]}}],"collection":[{"href":"https:\/\/ucper.com\/index.php\/wp-json\/wp\/v2\/pages"}],"about":[{"href":"https:\/\/ucper.com\/index.php\/wp-json\/wp\/v2\/types\/page"}],"author":[{"embeddable":true,"href":"https:\/\/ucper.com\/index.php\/wp-json\/wp\/v2\/users\/1"}],"replies":[{"embeddable":true,"href":"https:\/\/ucper.com\/index.php\/wp-json\/wp\/v2\/comments?post=252"}],"version-history":[{"count":5,"href":"https:\/\/ucper.com\/index.php\/wp-json\/wp\/v2\/pages\/252\/revisions"}],"predecessor-version":[{"id":275,"href":"https:\/\/ucper.com\/index.php\/wp-json\/wp\/v2\/pages\/252\/revisions\/275"}],"up":[{"embeddable":true,"href":"https:\/\/ucper.com\/index.php\/wp-json\/wp\/v2\/pages\/259"}],"wp:attachment":[{"href":"https:\/\/ucper.com\/index.php\/wp-json\/wp\/v2\/media?parent=252"}],"curies":[{"name":"wp","href":"https:\/\/api.w.org\/{rel}","templated":true}]}}