{"id":259,"date":"2023-12-20T03:02:51","date_gmt":"2023-12-20T02:02:51","guid":{"rendered":"https:\/\/ucper.com\/?page_id=259"},"modified":"2023-12-20T04:09:23","modified_gmt":"2023-12-20T03:09:23","slug":"cirugiamamaria","status":"publish","type":"page","link":"https:\/\/ucper.com\/index.php\/cirugiamamaria\/","title":{"rendered":"Cirugia Mamaria"},"content":{"rendered":"<p>[et_pb_section fb_built=\u00bb1&#8243; _builder_version=\u00bb4.23.1&#8243; _module_preset=\u00bbdefault\u00bb custom_padding=\u00bb0px||0px||false|false\u00bb global_colors_info=\u00bb{}\u00bb][et_pb_row _builder_version=\u00bb4.23.1&#8243; _module_preset=\u00bbdefault\u00bb width=\u00bb100%\u00bb max_width=\u00bb100%\u00bb module_alignment=\u00bbcenter\u00bb global_colors_info=\u00bb{}\u00bb][et_pb_column type=\u00bb4_4&#8243; _builder_version=\u00bb4.23.1&#8243; _module_preset=\u00bbdefault\u00bb global_colors_info=\u00bb{}\u00bb][et_pb_text _builder_version=\u00bb4.23.1&#8243; _module_preset=\u00bbdefault\u00bb header_font=\u00bb|700|||||||\u00bb header_font_size=\u00bb40px\u00bb module_alignment=\u00bbcenter\u00bb global_colors_info=\u00bb{}\u00bb]<\/p>\n<h1 style=\"text-align: center;\"><strong>Cirug\u00eda Mamaria<\/strong><\/h1>\n<p>[\/et_pb_text][\/et_pb_column][\/et_pb_row][et_pb_row column_structure=\u00bb1_3,1_3,1_3&#8243; _builder_version=\u00bb4.23.1&#8243; _module_preset=\u00bbdefault\u00bb max_width=\u00bb80%\u00bb hover_enabled=\u00bb0&#8243; global_colors_info=\u00bb{}\u00bb sticky_enabled=\u00bb0&#8243;][et_pb_column type=\u00bb1_3&#8243; _builder_version=\u00bb4.23.1&#8243; _module_preset=\u00bbdefault\u00bb global_colors_info=\u00bb{}\u00bb][et_pb_image src=\u00bbhttps:\/\/ucper.com\/wp-content\/uploads\/2023\/12\/mamoplastiaaumento-1-250&#215;250-1.jpg\u00bb _builder_version=\u00bb4.23.1&#8243; _module_preset=\u00bbdefault\u00bb align=\u00bbcenter\u00bb border_radii=\u00bbon|50%|50%|50%|50%\u00bb border_width_all=\u00bb3px\u00bb hover_enabled=\u00bb0&#8243; sticky_enabled=\u00bb0&#8243;][\/et_pb_image][et_pb_text _builder_version=\u00bb4.23.1&#8243; _module_preset=\u00bbdefault\u00bb text_font_size=\u00bb16px\u00bb header_font=\u00bb|600|||||||\u00bb header_3_font=\u00bb|600|||||||\u00bb header_3_text_align=\u00bbcenter\u00bb header_3_font_size=\u00bb24px\u00bb header_3_line_height=\u00bb2em\u00bb text_orientation=\u00bbcenter\u00bb width=\u00bb80%\u00bb module_alignment=\u00bbcenter\u00bb hover_enabled=\u00bb0&#8243; sticky_enabled=\u00bb0&#8243;]<\/p>\n<h3>Aumento de pecho<\/h3>\n<p>Gracias al alto nivel biotecnol\u00f3gico en el desarrollo de los implantes utilizados, logra con alt\u00edsima seguridad y durabilidad, unos resultados muy gratificantes y satisfactorios.<\/p>\n<p>[\/et_pb_text][\/et_pb_column][et_pb_column type=\u00bb1_3&#8243; _builder_version=\u00bb4.23.1&#8243; _module_preset=\u00bbdefault\u00bb global_colors_info=\u00bb{}\u00bb][et_pb_image src=\u00bbhttps:\/\/ucper.com\/wp-content\/uploads\/2023\/12\/reduccion-pecho-cirujano-plastico-madrid-250&#215;250-1.jpg\u00bb _builder_version=\u00bb4.23.1&#8243; _module_preset=\u00bbdefault\u00bb align=\u00bbcenter\u00bb border_radii=\u00bbon|50%|50%|50%|50%\u00bb border_width_all=\u00bb3px\u00bb hover_enabled=\u00bb0&#8243; sticky_enabled=\u00bb0&#8243;][\/et_pb_image][et_pb_text _builder_version=\u00bb4.23.1&#8243; _module_preset=\u00bbdefault\u00bb text_font_size=\u00bb16px\u00bb header_font=\u00bb|600|||||||\u00bb header_3_font=\u00bb|600|||||||\u00bb header_3_text_align=\u00bbcenter\u00bb header_3_font_size=\u00bb24px\u00bb header_3_line_height=\u00bb2em\u00bb text_orientation=\u00bbcenter\u00bb width=\u00bb80%\u00bb module_alignment=\u00bbcenter\u00bb hover_enabled=\u00bb0&#8243; sticky_enabled=\u00bb0&#8243;]<\/p>\n<h3>Reducci\u00f3n de pecho<\/h3>\n<p>Mediante la eliminaci\u00f3n del exceso de piel, grasa y gl\u00e1ndula mamaria logramos disminuir el volumen y la forma del pecho, haci\u00e9ndolo m\u00e1s firme y ligero.<\/p>\n<p>[\/et_pb_text][\/et_pb_column][et_pb_column type=\u00bb1_3&#8243; _builder_version=\u00bb4.23.1&#8243; _module_preset=\u00bbdefault\u00bb global_colors_info=\u00bb{}\u00bb][et_pb_image src=\u00bbhttps:\/\/ucper.com\/wp-content\/uploads\/2023\/12\/elevacion-mama-cirujano-plastico-madrid-250&#215;250-1.jpg\u00bb _builder_version=\u00bb4.23.1&#8243; _module_preset=\u00bbdefault\u00bb align=\u00bbcenter\u00bb border_radii=\u00bbon|50%|50%|50%|50%\u00bb border_width_all=\u00bb3px\u00bb hover_enabled=\u00bb0&#8243; sticky_enabled=\u00bb0&#8243;][\/et_pb_image][et_pb_text _builder_version=\u00bb4.23.1&#8243; _module_preset=\u00bbdefault\u00bb text_font_size=\u00bb16px\u00bb header_font=\u00bb|600|||||||\u00bb header_3_font=\u00bb|600|||||||\u00bb header_3_text_align=\u00bbcenter\u00bb header_3_font_size=\u00bb24px\u00bb header_3_line_height=\u00bb2em\u00bb text_orientation=\u00bbcenter\u00bb width=\u00bb80%\u00bb module_alignment=\u00bbcenter\u00bb hover_enabled=\u00bb0&#8243; sticky_enabled=\u00bb0&#8243;]<\/p>\n<h3>Elevaci\u00f3n de mama<\/h3>\n<p>Denominamos mastopexia, al procedimiento mediante el cual logramos restaurar la posici\u00f3n ideal de la mama, devolviendo al complejo areola-pez\u00f3n a su posici\u00f3n ideal.<\/p>\n<p>[\/et_pb_text][\/et_pb_column][\/et_pb_row][et_pb_row column_structure=\u00bb1_3,1_3,1_3&#8243; _builder_version=\u00bb4.23.1&#8243; _module_preset=\u00bbdefault\u00bb max_width=\u00bb80%\u00bb hover_enabled=\u00bb0&#8243; global_colors_info=\u00bb{}\u00bb sticky_enabled=\u00bb0&#8243;][et_pb_column type=\u00bb1_3&#8243; _builder_version=\u00bb4.23.1&#8243; _module_preset=\u00bbdefault\u00bb global_colors_info=\u00bb{}\u00bb][et_pb_image src=\u00bbhttps:\/\/ucper.com\/wp-content\/uploads\/2023\/12\/reconstruccion-mamaria-cirujano-plastico-madrid-250&#215;250-1.jpg\u00bb _builder_version=\u00bb4.23.1&#8243; _module_preset=\u00bbdefault\u00bb align=\u00bbcenter\u00bb border_radii=\u00bbon|50%|50%|50%|50%\u00bb border_width_all=\u00bb3px\u00bb hover_enabled=\u00bb0&#8243; sticky_enabled=\u00bb0&#8243;][\/et_pb_image][et_pb_text _builder_version=\u00bb4.23.1&#8243; _module_preset=\u00bbdefault\u00bb text_font_size=\u00bb16px\u00bb header_font=\u00bb|600|||||||\u00bb header_3_font=\u00bb|600|||||||\u00bb header_3_text_align=\u00bbcenter\u00bb header_3_font_size=\u00bb24px\u00bb header_3_line_height=\u00bb2em\u00bb text_orientation=\u00bbcenter\u00bb width=\u00bb80%\u00bb module_alignment=\u00bbcenter\u00bb hover_enabled=\u00bb0&#8243; sticky_enabled=\u00bb0&#8243;]<\/p>\n<h3>Reconstrucci\u00f3n Mamaria<\/h3>\n<p>Estamos al d\u00eda de los avances en las t\u00e9cnicas reconstructivas en Cirug\u00eda Pl\u00e1stica por lo que los est\u00e1ndares de calidad que ofrecemos son los m\u00e1s altos y completos.<\/p>\n<p>[\/et_pb_text][\/et_pb_column][et_pb_column type=\u00bb1_3&#8243; _builder_version=\u00bb4.23.1&#8243; _module_preset=\u00bbdefault\u00bb global_colors_info=\u00bb{}\u00bb][et_pb_image src=\u00bbhttps:\/\/ucper.com\/wp-content\/uploads\/2023\/12\/rmama-tuberosa-cirujano-plastico-madrid-250&#215;250-1.png\u00bb _builder_version=\u00bb4.23.1&#8243; _module_preset=\u00bbdefault\u00bb align=\u00bbcenter\u00bb border_radii=\u00bbon|50%|50%|50%|50%\u00bb border_width_all=\u00bb3px\u00bb hover_enabled=\u00bb0&#8243; sticky_enabled=\u00bb0&#8243;][\/et_pb_image][et_pb_text _builder_version=\u00bb4.23.1&#8243; _module_preset=\u00bbdefault\u00bb text_font_size=\u00bb16px\u00bb header_font=\u00bb|600|||||||\u00bb header_3_font=\u00bb|600|||||||\u00bb header_3_text_align=\u00bbcenter\u00bb header_3_font_size=\u00bb24px\u00bb header_3_line_height=\u00bb2em\u00bb text_orientation=\u00bbcenter\u00bb width=\u00bb80%\u00bb module_alignment=\u00bbcenter\u00bb hover_enabled=\u00bb0&#8243; sticky_enabled=\u00bb0&#8243;]<\/p>\n<h3>Mama tuberosa<\/h3>\n<p>La correcci\u00f3n de la mama tuberosa, es una intervenci\u00f3n donde el ampl\u00edsimo abanico de posibilidades quir\u00fargicas, hace que sea fundamental una valoraci\u00f3n y planificaci\u00f3n preoperatoria meticulosa.<\/p>\n<p>[\/et_pb_text][\/et_pb_column][et_pb_column type=\u00bb1_3&#8243; _builder_version=\u00bb4.23.1&#8243; _module_preset=\u00bbdefault\u00bb global_colors_info=\u00bb{}\u00bb][et_pb_image src=\u00bbhttps:\/\/ucper.com\/wp-content\/uploads\/2023\/12\/lipofilling-de-mama-img-2-250&#215;250-1.jpg\u00bb _builder_version=\u00bb4.23.1&#8243; _module_preset=\u00bbdefault\u00bb align=\u00bbcenter\u00bb border_radii=\u00bbon|50%|50%|50%|50%\u00bb border_width_all=\u00bb3px\u00bb hover_enabled=\u00bb0&#8243; sticky_enabled=\u00bb0&#8243;][\/et_pb_image][et_pb_text _builder_version=\u00bb4.23.1&#8243; _module_preset=\u00bbdefault\u00bb text_font_size=\u00bb16px\u00bb header_font=\u00bb|600|||||||\u00bb header_3_font=\u00bb|600|||||||\u00bb header_3_text_align=\u00bbcenter\u00bb header_3_font_size=\u00bb24px\u00bb header_3_line_height=\u00bb2em\u00bb text_orientation=\u00bbcenter\u00bb width=\u00bb80%\u00bb module_alignment=\u00bbcenter\u00bb hover_enabled=\u00bb0&#8243; sticky_enabled=\u00bb0&#8243;]<\/p>\n<h3>Lipofilling de mama<\/h3>\n<p>Ya sea para aumentar el tama\u00f1o, complementar una elevaci\u00f3n o bien corregir defectos , asimetr\u00edas y malformaciones de la mama, el relleno con grasa o lipofilling, hoy d\u00eda es una opci\u00f3n perfectamente valida y real.<\/p>\n<p>[\/et_pb_text][\/et_pb_column][\/et_pb_row][et_pb_row column_structure=\u00bb1_3,1_3,1_3&#8243; _builder_version=\u00bb4.23.1&#8243; _module_preset=\u00bbdefault\u00bb max_width=\u00bb80%\u00bb hover_enabled=\u00bb0&#8243; global_colors_info=\u00bb{}\u00bb sticky_enabled=\u00bb0&#8243;][et_pb_column type=\u00bb1_3&#8243; _builder_version=\u00bb4.23.1&#8243; _module_preset=\u00bbdefault\u00bb global_colors_info=\u00bb{}\u00bb][\/et_pb_column][et_pb_column type=\u00bb1_3&#8243; _builder_version=\u00bb4.23.1&#8243; _module_preset=\u00bbdefault\u00bb global_colors_info=\u00bb{}\u00bb][et_pb_image src=\u00bbhttps:\/\/ucper.com\/wp-content\/uploads\/2023\/12\/Ginecomastia-cirujano-plastico-madrid-250&#215;250-1.png\u00bb _builder_version=\u00bb4.23.1&#8243; _module_preset=\u00bbdefault\u00bb align=\u00bbcenter\u00bb border_radii=\u00bbon|50%|50%|50%|50%\u00bb border_width_all=\u00bb3px\u00bb hover_enabled=\u00bb0&#8243; sticky_enabled=\u00bb0&#8243;][\/et_pb_image][et_pb_text _builder_version=\u00bb4.23.1&#8243; _module_preset=\u00bbdefault\u00bb text_font_size=\u00bb16px\u00bb header_font=\u00bb|600|||||||\u00bb header_3_font=\u00bb|600|||||||\u00bb header_3_text_align=\u00bbcenter\u00bb header_3_font_size=\u00bb24px\u00bb header_3_line_height=\u00bb2em\u00bb text_orientation=\u00bbcenter\u00bb width=\u00bb80%\u00bb module_alignment=\u00bbcenter\u00bb hover_enabled=\u00bb0&#8243; sticky_enabled=\u00bb0&#8243;]<\/p>\n<h3>Ginecomastia<\/h3>\n<p>El procedimiento quita grasa y tejido glandular de las mamas, y en casos extremos, tambi\u00e9n extirpa piel sobrante dando lugar a un t\u00f3rax plano, firme y bien contorneado.<\/p>\n<p>[\/et_pb_text][\/et_pb_column][et_pb_column type=\u00bb1_3&#8243; _builder_version=\u00bb4.23.1&#8243; _module_preset=\u00bbdefault\u00bb global_colors_info=\u00bb{}\u00bb][\/et_pb_column][\/et_pb_row][\/et_pb_section]<\/p>\n","protected":false},"excerpt":{"rendered":"<p>Cirug\u00eda MamariaAumento de pecho Gracias al alto nivel biotecnol\u00f3gico en el desarrollo de los implantes utilizados, logra con alt\u00edsima seguridad y durabilidad, unos resultados muy gratificantes y satisfactorios.Reducci\u00f3n de pecho Mediante la eliminaci\u00f3n del exceso de piel, grasa y gl\u00e1ndula mamaria logramos disminuir el volumen y la forma del pecho, haci\u00e9ndolo m\u00e1s firme y ligero.Elevaci\u00f3n [&hellip;]<\/p>\n","protected":false},"author":1,"featured_media":0,"parent":0,"menu_order":0,"comment_status":"closed","ping_status":"closed","template":"","meta":{"_et_pb_use_builder":"on","_et_pb_old_content":"","_et_gb_content_width":"","footnotes":""},"class_list":["post-259","page","type-page","status-publish","hentry"],"_links":{"self":[{"href":"https:\/\/ucper.com\/index.php\/wp-json\/wp\/v2\/pages\/259","targetHints":{"allow":["GET"]}}],"collection":[{"href":"https:\/\/ucper.com\/index.php\/wp-json\/wp\/v2\/pages"}],"about":[{"href":"https:\/\/ucper.com\/index.php\/wp-json\/wp\/v2\/types\/page"}],"author":[{"embeddable":true,"href":"https:\/\/ucper.com\/index.php\/wp-json\/wp\/v2\/users\/1"}],"replies":[{"embeddable":true,"href":"https:\/\/ucper.com\/index.php\/wp-json\/wp\/v2\/comments?post=259"}],"version-history":[{"count":5,"href":"https:\/\/ucper.com\/index.php\/wp-json\/wp\/v2\/pages\/259\/revisions"}],"predecessor-version":[{"id":274,"href":"https:\/\/ucper.com\/index.php\/wp-json\/wp\/v2\/pages\/259\/revisions\/274"}],"wp:attachment":[{"href":"https:\/\/ucper.com\/index.php\/wp-json\/wp\/v2\/media?parent=259"}],"curies":[{"name":"wp","href":"https:\/\/api.w.org\/{rel}","templated":true}]}}